{"id":977,"date":"2024-08-27T14:03:33","date_gmt":"2024-08-27T14:03:33","guid":{"rendered":"https:\/\/gemeente.suicidepreventiecentrum.nl\/?page_id=977"},"modified":"2024-11-27T14:33:31","modified_gmt":"2024-11-27T14:33:31","slug":"het-spc-en-de-wet","status":"publish","type":"page","link":"https:\/\/gemeente.suicidepreventiecentrum.nl\/index.php\/het-spc-en-de-wet\/","title":{"rendered":"Het SPC en de Wet"},"content":{"rendered":"\n<p>In de wet Integrale Su\u00efcidepreventie worden een aantal aspecten benoemd die kenmerkend zijn voor het werk dat de Stichting Su\u00efcide Preventie Centrum verricht.<\/p>\n\n\n\n<p><em>Het vierde hoofdelement van het beleid ten aanzien van su\u00efcidepreventie is het zorgdragen voor gratis en anonieme advisering van mensen die kampen met su\u00efcidale gedachten of pogingen, dan wel hun naasten. Het is van belang dat er een plek is waar zij desgewenst anoniem terecht kunnen.&nbsp;<\/em><\/p>\n\n\n\n<p>Bron:&nbsp;<a href=\"https:\/\/zoek.officielebekendmakingen.nl\/kst-35754-3.pdf\">https:\/\/zoek.officielebekendmakingen.nl\/kst-35754-3.pdf<\/a><\/p>\n\n\n\n<p>Zowel de mensen met su\u00efcidale gedachten als hun naasten kunnen bij de stichting anoniem en gratis terecht voor fysieke of digitale ondersteuning. Anoniem wil in dit kader zeggen dat iedereen welkom is en er, met uitzondering van contactgegevens (naam en mailadres), geen informatie wordt vastgelegd. De contactgegevens zijn nodig in verband met het uitnodigen en afmelden. Deze gegevens worden verwijderd zodra iemand de groep verlaat.<\/p>\n\n\n\n<p><em>Het beleid omvat in de eerste plaats de landelijke agenda su\u00efcidepreventie, het overheidsinstrument voor implementatie van een integrale aanpak voorzien van preventieve maatregelen. In de tweede plaats gaat het om de communicatiestrategie su\u00efcidepreventie. Het doel van deze strategie is om su\u00efcide en su\u00efcidepreventie bespreekbaar te maken en algemene bekendheid te geven.&nbsp;<\/em><\/p>\n\n\n\n<p>Bron:&nbsp;<a href=\"https:\/\/zoek.officielebekendmakingen.nl\/kst-35754-3.pdf\">https:\/\/zoek.officielebekendmakingen.nl\/kst-35754-3.pdf<\/a><\/p>\n\n\n\n<p>Lotgenotencontact geeft mensen de ruimte om open in gesprek te gaan over hun gedachten en gedrag. Voor veel mensen is dit erg moeilijk, schaamte, onbegrip en stigma spelen hierin een grote rol. Het is voor hen makkelijker om hierover in gesprek te gaan met iemand die in eenzelfde situatie zit of heeft gezeten. Deze gesprekken met lotgenoten helpen vaak met het verkrijgen van inzichten en het vinden van woorden. Hierdoor zijn zij beter in staat om met anderen (omgeving of hulpverleners) over hun gedachten te praten. Lotgenotencontact draagt dan ook bij aan het bespreekbaar maken van su\u00efcidaliteit.<\/p>\n\n\n\n<p><em>Van alle mensen die overlijden door su\u00efcide, is 60% niet in beeld bij de GGZ.&nbsp;<\/em><\/p>\n\n\n\n<p><em>Deze mensen kunnen wel in beeld zijn bij de maatschappij als geheel \u2013 bij docenten, werknemers in het sociaal domein, agenten, huisartsen en verenigingen. Daarom is het essentieel dat deze maatschappelijke partijen zijn toegerust om te signaleren, contact te maken en te verwijzen.&nbsp;<\/em><\/p>\n\n\n\n<p>Bron:&nbsp;<a href=\"https:\/\/zoek.officielebekendmakingen.nl\/kst-35754-3.pdf\">https:\/\/zoek.officielebekendmakingen.nl\/kst-35754-3.pdf<\/a><\/p>\n\n\n\n<p>Naast het lotgenotencontact biedt de Stichting Su\u00efcide Preventie Centrum trainingen aan die gericht zijn op het signaleren van en het in gesprek gaan over su\u00efcidaliteit. De&nbsp;<a href=\"https:\/\/www.suicidepreventiecentrum.nl\/trainingen\/\" target=\"_blank\" rel=\"noreferrer noopener\">trainingen<\/a>&nbsp;worden gegeven door ervaringsdeskundigen su\u00efcidaliteit die beschikken over in de praktijk opgedane kennis. Tijdens deze training is er de mogelijkheid voor de deelnemers om het gesprek te oefenen met een ervaringsdeskundige die ze kan voorzien van feedback gebaseerd op de opgedane praktijkervaring.<\/p>\n\n\n\n<p>De trainingen worden gegeven aan iedereen die iets wil betekenen op het gebied van het verminderen van het aantal su\u00efcides en pogingen daartoe.&nbsp;<\/p>\n\n\n\n<h2 class=\"wp-block-heading\">Het SPC en Gemeente<\/h2>\n\n\n\n<p>De Stichting Su\u00efcide Preventie Centrum heeft in de afgelopen jaren veel ervaring opgedaan op het gebied van su\u00efcidepreventie in het sociaal domein. Niet alleen in de uitvoering, maar ook in het tot stand brengen van netwerken su\u00efcidepreventie en ketenzorg. Dit maakt dat de consulenten van de stichting bij uitstek uw sparringpartner kunnen zijn bij het tot stand brengen van su\u00efcidepreventie in uw gemeente.<\/p>\n\n\n\n<p>Voor meer informatie kunt u contact opnemen met Marja Fuchs (marja@suicidepreventiecentrum.nl) of Ricco de Goede (ricco@suicidepreventiecentrum.nl) via mail of door gebruik te maken van onderstaand formulier.<\/p>\n\n\n<div class=\"wp-block-jetpack-contact-form\"><a href=\"https:\/\/gemeente.suicidepreventiecentrum.nl\/index.php\/het-spc-en-de-wet\/\" target=\"_blank\" rel=\"noopener noreferrer\">Een formulier indienen.<\/a><\/div>","protected":false},"excerpt":{"rendered":"<p>In de wet Integrale Su\u00efcidepreventie worden een aantal aspecten benoemd die kenmerkend zijn voor het werk dat de Stichting Su\u00efcide Preventie Centrum verricht. Het vierde hoofdelement van het beleid ten aanzien van su\u00efcidepreventie is het zorgdragen voor gratis en anonieme advisering van mensen die kampen met su\u00efcidale gedachten of pogingen, dan wel hun naasten. Het&hellip;&nbsp;<a href=\"https:\/\/gemeente.suicidepreventiecentrum.nl\/index.php\/het-spc-en-de-wet\/\" rel=\"bookmark\">Lees verder &raquo;<span class=\"screen-reader-text\">Het SPC en de Wet<\/span><\/a><\/p>\n","protected":false},"author":1,"featured_media":0,"parent":0,"menu_order":0,"comment_status":"closed","ping_status":"closed","template":"","meta":{"neve_meta_sidebar":"","neve_meta_container":"","neve_meta_enable_content_width":"","neve_meta_content_width":0,"neve_meta_title_alignment":"","neve_meta_author_avatar":"","neve_post_elements_order":"","neve_meta_disable_header":"","neve_meta_disable_footer":"","neve_meta_disable_title":"","_themeisle_gutenberg_block_has_review":false,"jetpack_post_was_ever_published":false,"footnotes":""},"class_list":["post-977","page","type-page","status-publish","hentry"],"jetpack-related-posts":[],"jetpack_sharing_enabled":true,"_links":{"self":[{"href":"https:\/\/gemeente.suicidepreventiecentrum.nl\/index.php\/wp-json\/wp\/v2\/pages\/977","targetHints":{"allow":["GET"]}}],"collection":[{"href":"https:\/\/gemeente.suicidepreventiecentrum.nl\/index.php\/wp-json\/wp\/v2\/pages"}],"about":[{"href":"https:\/\/gemeente.suicidepreventiecentrum.nl\/index.php\/wp-json\/wp\/v2\/types\/page"}],"author":[{"embeddable":true,"href":"https:\/\/gemeente.suicidepreventiecentrum.nl\/index.php\/wp-json\/wp\/v2\/users\/1"}],"replies":[{"embeddable":true,"href":"https:\/\/gemeente.suicidepreventiecentrum.nl\/index.php\/wp-json\/wp\/v2\/comments?post=977"}],"version-history":[{"count":3,"href":"https:\/\/gemeente.suicidepreventiecentrum.nl\/index.php\/wp-json\/wp\/v2\/pages\/977\/revisions"}],"predecessor-version":[{"id":1121,"href":"https:\/\/gemeente.suicidepreventiecentrum.nl\/index.php\/wp-json\/wp\/v2\/pages\/977\/revisions\/1121"}],"wp:attachment":[{"href":"https:\/\/gemeente.suicidepreventiecentrum.nl\/index.php\/wp-json\/wp\/v2\/media?parent=977"}],"curies":[{"name":"wp","href":"https:\/\/api.w.org\/{rel}","templated":true}]}}